{"id":492,"date":"2016-12-15T07:48:02","date_gmt":"2016-12-15T07:48:02","guid":{"rendered":"http:\/\/localhost\/buildpro\/?page_id=492"},"modified":"2019-03-10T17:52:30","modified_gmt":"2019-03-10T17:52:30","slug":"home-3","status":"publish","type":"page","link":"https:\/\/zendesign.hr\/hr\/","title":{"rendered":"Home 3"},"content":{"rendered":"<p>[vc_row parallax=&#8221;&#8221; css=&#8221;.vc_custom_1482225521768{padding-top: 0px !important;padding-bottom: 0px !important;}&#8221;][vc_column][rev_slider_vc alias=&#8221;home-4&#8243;][\/vc_column][\/vc_row][vc_row][vc_column][vc_column_text]<\/p>\n<h2>Usluge <span class=\"tiny-border\">x<\/span><\/h2>\n<p>[\/vc_column_text]\t<div class=\"row\">\n\t\n\t<div class=\"service-item col-sm-6 mb30\">\n        <figure class=\"pic-hover hover-scale mb20\">\n            <span class=\"center-xy\">\n                <a href=\"https:\/\/zendesign.hr\/hr\/services\/projektiranje\/\"><i class=\"fa fa-plus btn-action btn-action-hide\"><\/i><\/a>\n            <\/span>\n            <span class=\"bg-overlay\"><\/span>\n            <img src=\"https:\/\/i1.wp.com\/zendesign.hr\/hr\/wp-content\/uploads\/2016\/12\/projektiranje-2.jpg?w=640&#038;ssl=1\" class=\"img-responsive\" alt=\"\" data-recalc-dims=\"1\">\n        <\/figure>\n\n        <h3><a href=\"https:\/\/zendesign.hr\/hr\/services\/projektiranje\/\">PROJEKTIRANJE<\/a><\/h3>\n        <p>Izra\u0111ujemo sve vrste projekata \u2013 od preliminarne zamisli na papiru, preko gradnje, do izvedbe obrtni\u010dkih radova u unutarnjem prostoru.<\/p>\n        <a href=\"https:\/\/zendesign.hr\/hr\/services\/projektiranje\/\" class=\"read_more\">Pro\u010ditaj vi\u0161e <i class=\"fa fa-chevron-right id-color\"><\/i><\/a>\n    <\/div>\n\n\t\n\t<div class=\"service-item col-sm-6 mb30\">\n        <figure class=\"pic-hover hover-scale mb20\">\n            <span class=\"center-xy\">\n                <a href=\"https:\/\/zendesign.hr\/hr\/services\/analiza-investicije\/\"><i class=\"fa fa-plus btn-action btn-action-hide\"><\/i><\/a>\n            <\/span>\n            <span class=\"bg-overlay\"><\/span>\n            <img src=\"https:\/\/i1.wp.com\/zendesign.hr\/hr\/wp-content\/uploads\/2016\/08\/analiza-2.jpg?w=640&#038;ssl=1\" class=\"img-responsive\" alt=\"\" data-recalc-dims=\"1\">\n        <\/figure>\n\n        <h3><a href=\"https:\/\/zendesign.hr\/hr\/services\/analiza-investicije\/\">ANALIZA INVESTICIJE<\/a><\/h3>\n        <p>Izra\u0111ujemo posebne studije koje investitoru omogu\u0107avaju optimalne uvjete za dono\u0161enje odluka o ulaganjima i stvaranju odr\u017eivih poslovnih planova.<\/p>\n        <a href=\"https:\/\/zendesign.hr\/hr\/services\/analiza-investicije\/\" class=\"read_more\">Pro\u010ditaj vi\u0161e <i class=\"fa fa-chevron-right id-color\"><\/i><\/a>\n    <\/div>\n\n\t\n\t<div class=\"service-item col-sm-6 mb30\">\n        <figure class=\"pic-hover hover-scale mb20\">\n            <span class=\"center-xy\">\n                <a href=\"https:\/\/zendesign.hr\/hr\/services\/nadzor-gradnje\/\"><i class=\"fa fa-plus btn-action btn-action-hide\"><\/i><\/a>\n            <\/span>\n            <span class=\"bg-overlay\"><\/span>\n            <img src=\"https:\/\/i1.wp.com\/zendesign.hr\/hr\/wp-content\/uploads\/2016\/06\/nadzor-2.jpg?w=640&#038;ssl=1\" class=\"img-responsive\" alt=\"\" data-recalc-dims=\"1\">\n        <\/figure>\n\n        <h3><a href=\"https:\/\/zendesign.hr\/hr\/services\/nadzor-gradnje\/\">NADZOR GRADNJE<\/a><\/h3>\n        <p>Takvim djelovanjem \u0161titimo interese investitora i uklanjamo sve prepreke koje bi mogle na bilo koji na\u010din ugroziti ulo\u017eena sredstva i vrijeme izvedbe.<\/p>\n        <a href=\"https:\/\/zendesign.hr\/hr\/services\/nadzor-gradnje\/\" class=\"read_more\">Pro\u010ditaj vi\u0161e <i class=\"fa fa-chevron-right id-color\"><\/i><\/a>\n    <\/div>\n\n\t\n\t<div class=\"service-item col-sm-6 mb30\">\n        <figure class=\"pic-hover hover-scale mb20\">\n            <span class=\"center-xy\">\n                <a href=\"https:\/\/zendesign.hr\/hr\/services\/uredenje-unutarnjih-prostora-i-opremanje-gradevina\/\"><i class=\"fa fa-plus btn-action btn-action-hide\"><\/i><\/a>\n            <\/span>\n            <span class=\"bg-overlay\"><\/span>\n            <img src=\"https:\/\/i1.wp.com\/zendesign.hr\/hr\/wp-content\/uploads\/2016\/05\/adaptacija-2.jpg?w=640&#038;ssl=1\" class=\"img-responsive\" alt=\"\" data-recalc-dims=\"1\">\n        <\/figure>\n\n        <h3><a href=\"https:\/\/zendesign.hr\/hr\/services\/uredenje-unutarnjih-prostora-i-opremanje-gradevina\/\">URE\u0110ENJE UNUTARNJIH PROSTORA I OPREMANJE GRA\u0110EVINA<\/a><\/h3>\n        <p>Projekt ure\u0111enja unutarnjeg prostora podrazumijeva optimalan raspored prostornih cjelina u skladu sa \u017eeljama investitora, nakon \u010dega slijedi razrada projekta koja uklju\u010duje izradu tro\u0161kovnika. <\/p>\n        <a href=\"https:\/\/zendesign.hr\/hr\/services\/uredenje-unutarnjih-prostora-i-opremanje-gradevina\/\" class=\"read_more\">Pro\u010ditaj vi\u0161e <i class=\"fa fa-chevron-right id-color\"><\/i><\/a>\n    <\/div>\n\n\t\t<\/div>\n  \t\n[\/vc_column][\/vc_row][vc_row][vc_column][vc_column_text]<\/p>\n<h2>Projekti <span class=\"tiny-border\">x<\/span><\/h2>\n<p>[\/vc_column_text]\n\t\t<div class=\"container project-filter\">\n\n        <!-- portfolio filter begin -->\n        <div class=\"row\">\n        \t            <div class=\"col-md-12\">\n                <ul id=\"filters\">\n                \t\t\t\t      \t<li><a href=\"#\" data-filter=\".arhitektura\">Arhitektura<\/a><\/li>\n\t\t\t    \t\t\t\t      \t<li><a href=\"#\" data-filter=\".interieuri-adaptacije\">Interieuri - Adaptacije<\/a><\/li>\n\t\t\t    \t\t\t\t      \t<li><a href=\"#\" data-filter=\".natjecajni-radovi\">Nat\u00adje\u010da\u00adjni radovi<\/a><\/li>\n\t\t\t    \t\t\t\t      \t<li><a href=\"#\" data-filter=\".urbanizam\">Urbanizam<\/a><\/li>\n\t\t\t    \t                    <li class=\"pull-right\"><a href=\"#\" data-filter=\"*\" class=\"selected\">All Projects<\/a><\/li>\n                <\/ul>\n            <\/div>\n                    <\/div>\n        <!-- portfolio filter close -->\n\n    <\/div>\n    \n\t<div id=\"gallery\" class=\"gallery full-gallery de-gallery pf_full_width pf_3_cols gallery_border\">\n\n                <div class=\"item interieuri-adaptacije \">\n            <div class=\"picframe\">\n            \t                <a href=\"https:\/\/zendesign.hr\/hr\/portfolio\/uredenje-prostora-za-odmor-zaposlenika-redakcije-24-sata\/\">\n                                    <span class=\"overlay\">\n                        <span class=\"pf_text\">\n                            <span class=\"project-name\">Ure\u0111enje prostora za odmor zaposlenika redakcije \u201e24 SATA\u201c<\/span>\n                        <\/span>\n                    <\/span>\n                <\/a>\n                <img src=\"https:\/\/i0.wp.com\/zendesign.hr\/hr\/wp-content\/uploads\/2021\/01\/1-5.jpg?w=640&#038;ssl=1\" alt=\"\" data-recalc-dims=\"1\" \/>\n            <\/div>\n        <\/div>\n                <div class=\"item arhitektura \">\n            <div class=\"picframe\">\n            \t                <a href=\"https:\/\/zendesign.hr\/hr\/portfolio\/uredenje-okucnice-obiteljske-kuce\/\">\n                                    <span class=\"overlay\">\n                        <span class=\"pf_text\">\n                            <span class=\"project-name\">Ure\u0111enje oku\u0107nice obiteljske ku\u0107e<\/span>\n                        <\/span>\n                    <\/span>\n                <\/a>\n                <img src=\"https:\/\/i2.wp.com\/zendesign.hr\/hr\/wp-content\/uploads\/2021\/01\/gracani0.jpg?w=640&#038;ssl=1\" alt=\"\" data-recalc-dims=\"1\" \/>\n            <\/div>\n        <\/div>\n                <div class=\"item interieuri-adaptacije \">\n            <div class=\"picframe\">\n            \t                <a href=\"https:\/\/zendesign.hr\/hr\/portfolio\/uredenje-unutarnjeg-prostora-obiteljske-kuce\/\">\n                                    <span class=\"overlay\">\n                        <span class=\"pf_text\">\n                            <span class=\"project-name\">Ure\u0111enje unutarnjeg prostora obiteljske ku\u0107e<\/span>\n                        <\/span>\n                    <\/span>\n                <\/a>\n                <img src=\"https:\/\/i2.wp.com\/zendesign.hr\/hr\/wp-content\/uploads\/2021\/01\/interier-1.jpg?w=640&#038;ssl=1\" alt=\"\" data-recalc-dims=\"1\" \/>\n            <\/div>\n        <\/div>\n                <div class=\"item arhitektura \">\n            <div class=\"picframe\">\n            \t                <a href=\"https:\/\/zendesign.hr\/hr\/portfolio\/obiteljska-kuca-p\/\">\n                                    <span class=\"overlay\">\n                        <span class=\"pf_text\">\n                            <span class=\"project-name\">Obiteljska ku\u0107a P<\/span>\n                        <\/span>\n                    <\/span>\n                <\/a>\n                <img src=\"https:\/\/i1.wp.com\/zendesign.hr\/hr\/wp-content\/uploads\/2021\/01\/SUHOVARE0.jpg?w=640&#038;ssl=1\" alt=\"\" data-recalc-dims=\"1\" \/>\n            <\/div>\n        <\/div>\n                <div class=\"item arhitektura \">\n            <div class=\"picframe\">\n            \t                <a href=\"https:\/\/zendesign.hr\/hr\/portfolio\/obiteljska-kuca-k\/\">\n                                    <span class=\"overlay\">\n                        <span class=\"pf_text\">\n                            <span class=\"project-name\">Obiteljska ku\u0107a K<\/span>\n                        <\/span>\n                    <\/span>\n                <\/a>\n                <img src=\"https:\/\/i2.wp.com\/zendesign.hr\/hr\/wp-content\/uploads\/2021\/01\/krk0.jpg?w=640&#038;ssl=1\" alt=\"\" data-recalc-dims=\"1\" \/>\n            <\/div>\n        <\/div>\n                <div class=\"item arhitektura \">\n            <div class=\"picframe\">\n            \t                <a href=\"https:\/\/zendesign.hr\/hr\/portfolio\/kuca-t\/\">\n                                    <span class=\"overlay\">\n                        <span class=\"pf_text\">\n                            <span class=\"project-name\">Ku\u0107a T<\/span>\n                        <\/span>\n                    <\/span>\n                <\/a>\n                <img src=\"https:\/\/i2.wp.com\/zendesign.hr\/hr\/wp-content\/uploads\/2016\/12\/KUCA-T.jpg?w=640&#038;ssl=1\" alt=\"\" data-recalc-dims=\"1\" \/>\n            <\/div>\n        <\/div>\n                <div class=\"item arhitektura \">\n            <div class=\"picframe\">\n            \t                <a href=\"https:\/\/zendesign.hr\/hr\/portfolio\/obla-kuca\/\">\n                                    <span class=\"overlay\">\n                        <span class=\"pf_text\">\n                            <span class=\"project-name\">Obla Ku\u0107a<\/span>\n                        <\/span>\n                    <\/span>\n                <\/a>\n                <img src=\"https:\/\/i1.wp.com\/zendesign.hr\/hr\/wp-content\/uploads\/2016\/12\/obla.jpg?w=640&#038;ssl=1\" alt=\"\" data-recalc-dims=\"1\" \/>\n            <\/div>\n        <\/div>\n                <div class=\"item arhitektura \">\n            <div class=\"picframe\">\n            \t                <a href=\"https:\/\/zendesign.hr\/hr\/portfolio\/uglata-kuca\/\">\n                                    <span class=\"overlay\">\n                        <span class=\"pf_text\">\n                            <span class=\"project-name\">Uglata Ku\u0107a<\/span>\n                        <\/span>\n                    <\/span>\n                <\/a>\n                <img src=\"https:\/\/i1.wp.com\/zendesign.hr\/hr\/wp-content\/uploads\/2016\/12\/uglata.jpg?w=640&#038;ssl=1\" alt=\"\" data-recalc-dims=\"1\" \/>\n            <\/div>\n        <\/div>\n                <div class=\"item arhitektura \">\n            <div class=\"picframe\">\n            \t                <a href=\"https:\/\/zendesign.hr\/hr\/portfolio\/stambeno-poslovna-zgrada-m\/\">\n                                    <span class=\"overlay\">\n                        <span class=\"pf_text\">\n                            <span class=\"project-name\">Stambeno-poslovna zgrada M<\/span>\n                        <\/span>\n                    <\/span>\n                <\/a>\n                <img src=\"https:\/\/i1.wp.com\/zendesign.hr\/hr\/wp-content\/uploads\/2016\/12\/KUCA-M.jpg?w=640&#038;ssl=1\" alt=\"\" data-recalc-dims=\"1\" \/>\n            <\/div>\n        <\/div>\n                <div class=\"item interieuri-adaptacije \">\n            <div class=\"picframe\">\n            \t                <a href=\"https:\/\/zendesign.hr\/hr\/portfolio\/adaptacija-a\/\">\n                                    <span class=\"overlay\">\n                        <span class=\"pf_text\">\n                            <span class=\"project-name\">Adaptacija A<\/span>\n                        <\/span>\n                    <\/span>\n                <\/a>\n                <img src=\"https:\/\/i0.wp.com\/zendesign.hr\/hr\/wp-content\/uploads\/2016\/12\/adaptacija-a.jpg?w=640&#038;ssl=1\" alt=\"\" data-recalc-dims=\"1\" \/>\n            <\/div>\n        <\/div>\n                <div class=\"item interieuri-adaptacije \">\n            <div class=\"picframe\">\n            \t                <a href=\"https:\/\/zendesign.hr\/hr\/portfolio\/caffe-bar-dallas\/\">\n                                    <span class=\"overlay\">\n                        <span class=\"pf_text\">\n                            <span class=\"project-name\">Caffe Bar Dallas<\/span>\n                        <\/span>\n                    <\/span>\n                <\/a>\n                <img src=\"https:\/\/i0.wp.com\/zendesign.hr\/hr\/wp-content\/uploads\/2019\/03\/DALLAS.jpg?w=640&#038;ssl=1\" alt=\"\" data-recalc-dims=\"1\" \/>\n            <\/div>\n        <\/div>\n                <div class=\"item urbanizam \">\n            <div class=\"picframe\">\n            \t                <a href=\"https:\/\/zendesign.hr\/hr\/portfolio\/upu-ikea-zagreb-istok\/\">\n                                    <span class=\"overlay\">\n                        <span class=\"pf_text\">\n                            <span class=\"project-name\">UPU Ikea Zagreb Istok<\/span>\n                        <\/span>\n                    <\/span>\n                <\/a>\n                <img src=\"https:\/\/i2.wp.com\/zendesign.hr\/hr\/wp-content\/uploads\/2016\/12\/ikea.jpg?w=640&#038;ssl=1\" alt=\"\" data-recalc-dims=\"1\" \/>\n            <\/div>\n        <\/div>\n        \n    <\/div>\n\n        <style type=\"text\/css\">\n\t    .pf_full_width.gallery_border .picframe,\n\t    .gallery_border{\n\t    \tmargin: 15px;\n\t    }\n\t    .gallery_border{\n\t    \tmargin-top: -15px;\n\t    }\n\t    .container .gallery_border{\n\t    \tmargin-left: -15px;;\n\t    \tmargin-right: -15px;;\n\t    }\n    <\/style>\n    \n[\/vc_column][\/vc_row]<\/p>\n","protected":false},"excerpt":{"rendered":"<p>[vc_row parallax=&#8221;&#8221; css=&#8221;.vc_custom_1482225521768{padding-top: 0px !important;padding-bottom: 0px !important;}&#8221;][vc_column][rev_slider_vc alias=&#8221;home-4&#8243;][\/vc_column][\/vc_row][vc_row][vc_column][vc_column_text] Usluge x [\/vc_column_text][\/vc_column][\/vc_row][vc_row][vc_column][vc_column_text] Projekti x [\/vc_column_text][\/vc_column][\/vc_row]<\/p>\n","protected":false},"author":1,"featured_media":0,"parent":0,"menu_order":0,"comment_status":"closed","ping_status":"closed","template":"page-templates\/template-canvas.php","meta":{"spay_email":""},"jetpack_sharing_enabled":true,"jetpack_shortlink":"https:\/\/wp.me\/PaQaSp-7W","jetpack-related-posts":[],"_links":{"self":[{"href":"https:\/\/zendesign.hr\/hr\/wp-json\/wp\/v2\/pages\/492"}],"collection":[{"href":"https:\/\/zendesign.hr\/hr\/wp-json\/wp\/v2\/pages"}],"about":[{"href":"https:\/\/zendesign.hr\/hr\/wp-json\/wp\/v2\/types\/page"}],"author":[{"embeddable":true,"href":"https:\/\/zendesign.hr\/hr\/wp-json\/wp\/v2\/users\/1"}],"replies":[{"embeddable":true,"href":"https:\/\/zendesign.hr\/hr\/wp-json\/wp\/v2\/comments?post=492"}],"version-history":[{"count":10,"href":"https:\/\/zendesign.hr\/hr\/wp-json\/wp\/v2\/pages\/492\/revisions"}],"predecessor-version":[{"id":1326,"href":"https:\/\/zendesign.hr\/hr\/wp-json\/wp\/v2\/pages\/492\/revisions\/1326"}],"wp:attachment":[{"href":"https:\/\/zendesign.hr\/hr\/wp-json\/wp\/v2\/media?parent=492"}],"curies":[{"name":"wp","href":"https:\/\/api.w.org\/{rel}","templated":true}]}}