{"id":265,"date":"2016-12-08T09:12:02","date_gmt":"2016-12-08T09:12:02","guid":{"rendered":"http:\/\/localhost\/buildpro\/?page_id=265"},"modified":"2021-01-16T09:57:18","modified_gmt":"2021-01-16T09:57:18","slug":"usluge","status":"publish","type":"page","link":"https:\/\/zendesign.hr\/hr\/usluge\/","title":{"rendered":"USLUGE"},"content":{"rendered":"<p>[vc_row][vc_column]\t<div class=\"row\">\n\t\n\t<div class=\"service-item col-sm-6 mb30\">\n        <figure class=\"pic-hover hover-scale mb20\">\n            <span class=\"center-xy\">\n                <a href=\"https:\/\/zendesign.hr\/hr\/services\/projektiranje\/\"><i class=\"fa fa-plus btn-action btn-action-hide\"><\/i><\/a>\n            <\/span>\n            <span class=\"bg-overlay\"><\/span>\n            <img src=\"https:\/\/i1.wp.com\/zendesign.hr\/hr\/wp-content\/uploads\/2016\/12\/projektiranje-2.jpg?w=640&#038;ssl=1\" class=\"img-responsive\" alt=\"\" data-recalc-dims=\"1\">\n        <\/figure>\n\n        <h3><a href=\"https:\/\/zendesign.hr\/hr\/services\/projektiranje\/\">PROJEKTIRANJE<\/a><\/h3>\n        <p>Izra\u0111ujemo sve vrste projekata \u2013 od preliminarne zamisli na papiru, preko gradnje, do izvedbe obrtni\u010dkih radova u unutarnjem prostoru.<\/p>\n        <a href=\"https:\/\/zendesign.hr\/hr\/services\/projektiranje\/\" class=\"read_more\">Pro\u010ditaj vi\u0161e <i class=\"fa fa-chevron-right id-color\"><\/i><\/a>\n    <\/div>\n\n\t\n\t<div class=\"service-item col-sm-6 mb30\">\n        <figure class=\"pic-hover hover-scale mb20\">\n            <span class=\"center-xy\">\n                <a href=\"https:\/\/zendesign.hr\/hr\/services\/analiza-investicije\/\"><i class=\"fa fa-plus btn-action btn-action-hide\"><\/i><\/a>\n            <\/span>\n            <span class=\"bg-overlay\"><\/span>\n            <img src=\"https:\/\/i1.wp.com\/zendesign.hr\/hr\/wp-content\/uploads\/2016\/08\/analiza-2.jpg?w=640&#038;ssl=1\" class=\"img-responsive\" alt=\"\" data-recalc-dims=\"1\">\n        <\/figure>\n\n        <h3><a href=\"https:\/\/zendesign.hr\/hr\/services\/analiza-investicije\/\">ANALIZA INVESTICIJE<\/a><\/h3>\n        <p>Izra\u0111ujemo posebne studije koje investitoru omogu\u0107avaju optimalne uvjete za dono\u0161enje odluka o ulaganjima i stvaranju odr\u017eivih poslovnih planova.<\/p>\n        <a href=\"https:\/\/zendesign.hr\/hr\/services\/analiza-investicije\/\" class=\"read_more\">Pro\u010ditaj vi\u0161e <i class=\"fa fa-chevron-right id-color\"><\/i><\/a>\n    <\/div>\n\n\t\n\t<div class=\"service-item col-sm-6 mb30\">\n        <figure class=\"pic-hover hover-scale mb20\">\n            <span class=\"center-xy\">\n                <a href=\"https:\/\/zendesign.hr\/hr\/services\/nadzor-gradnje\/\"><i class=\"fa fa-plus btn-action btn-action-hide\"><\/i><\/a>\n            <\/span>\n            <span class=\"bg-overlay\"><\/span>\n            <img src=\"https:\/\/i1.wp.com\/zendesign.hr\/hr\/wp-content\/uploads\/2016\/06\/nadzor-2.jpg?w=640&#038;ssl=1\" class=\"img-responsive\" alt=\"\" data-recalc-dims=\"1\">\n        <\/figure>\n\n        <h3><a href=\"https:\/\/zendesign.hr\/hr\/services\/nadzor-gradnje\/\">NADZOR GRADNJE<\/a><\/h3>\n        <p>Takvim djelovanjem \u0161titimo interese investitora i uklanjamo sve prepreke koje bi mogle na bilo koji na\u010din ugroziti ulo\u017eena sredstva i vrijeme izvedbe.<\/p>\n        <a href=\"https:\/\/zendesign.hr\/hr\/services\/nadzor-gradnje\/\" class=\"read_more\">Pro\u010ditaj vi\u0161e <i class=\"fa fa-chevron-right id-color\"><\/i><\/a>\n    <\/div>\n\n\t\n\t<div class=\"service-item col-sm-6 mb30\">\n        <figure class=\"pic-hover hover-scale mb20\">\n            <span class=\"center-xy\">\n                <a href=\"https:\/\/zendesign.hr\/hr\/services\/uredenje-unutarnjih-prostora-i-opremanje-gradevina\/\"><i class=\"fa fa-plus btn-action btn-action-hide\"><\/i><\/a>\n            <\/span>\n            <span class=\"bg-overlay\"><\/span>\n            <img src=\"https:\/\/i1.wp.com\/zendesign.hr\/hr\/wp-content\/uploads\/2016\/05\/adaptacija-2.jpg?w=640&#038;ssl=1\" class=\"img-responsive\" alt=\"\" data-recalc-dims=\"1\">\n        <\/figure>\n\n        <h3><a href=\"https:\/\/zendesign.hr\/hr\/services\/uredenje-unutarnjih-prostora-i-opremanje-gradevina\/\">URE\u0110ENJE UNUTARNJIH PROSTORA I OPREMANJE GRA\u0110EVINA<\/a><\/h3>\n        <p>Projekt ure\u0111enja unutarnjeg prostora podrazumijeva optimalan raspored prostornih cjelina u skladu sa \u017eeljama investitora, nakon \u010dega slijedi razrada projekta koja uklju\u010duje izradu tro\u0161kovnika. <\/p>\n        <a href=\"https:\/\/zendesign.hr\/hr\/services\/uredenje-unutarnjih-prostora-i-opremanje-gradevina\/\" class=\"read_more\">Pro\u010ditaj vi\u0161e <i class=\"fa fa-chevron-right id-color\"><\/i><\/a>\n    <\/div>\n\n\t\t<\/div>\n  \t\n[\/vc_column][\/vc_row][vc_row el_class=&#8221;bg-color&#8221; css=&#8221;.vc_custom_1481189563478{padding-top: 20px !important;padding-bottom: 20px !important;}&#8221;][vc_column]\n\t<div class=\"row call-to-action \">\n\t\t<div class=\"col-md-8\">\n\t        <h3 class=\"mt10\">Tra\u017eite arhitekte za Va\u0161 projekt?<\/h3>\n\t    <\/div>\n\t    <div class=\"col-md-4 text-right\">\n\t    \t<a class=\"btn btn-line-black btn-fx\" href=\"\/hr\/kontakt\" target=\"_self\">KONTAKT<\/a>\t    <\/div>\n    <\/div>\n\n[\/vc_column][\/vc_row]<\/p>\n","protected":false},"excerpt":{"rendered":"<p>[vc_row][vc_column][\/vc_column][\/vc_row][vc_row el_class=&#8221;bg-color&#8221; css=&#8221;.vc_custom_1481189563478{padding-top: 20px !important;padding-bottom: 20px !important;}&#8221;][vc_column][\/vc_column][\/vc_row]<\/p>\n","protected":false},"author":1,"featured_media":0,"parent":0,"menu_order":0,"comment_status":"closed","ping_status":"closed","template":"page-templates\/template-fullwidth.php","meta":{"spay_email":""},"jetpack_sharing_enabled":true,"jetpack_shortlink":"https:\/\/wp.me\/PaQaSp-4h","jetpack-related-posts":[],"_links":{"self":[{"href":"https:\/\/zendesign.hr\/hr\/wp-json\/wp\/v2\/pages\/265"}],"collection":[{"href":"https:\/\/zendesign.hr\/hr\/wp-json\/wp\/v2\/pages"}],"about":[{"href":"https:\/\/zendesign.hr\/hr\/wp-json\/wp\/v2\/types\/page"}],"author":[{"embeddable":true,"href":"https:\/\/zendesign.hr\/hr\/wp-json\/wp\/v2\/users\/1"}],"replies":[{"embeddable":true,"href":"https:\/\/zendesign.hr\/hr\/wp-json\/wp\/v2\/comments?post=265"}],"version-history":[{"count":5,"href":"https:\/\/zendesign.hr\/hr\/wp-json\/wp\/v2\/pages\/265\/revisions"}],"predecessor-version":[{"id":1407,"href":"https:\/\/zendesign.hr\/hr\/wp-json\/wp\/v2\/pages\/265\/revisions\/1407"}],"wp:attachment":[{"href":"https:\/\/zendesign.hr\/hr\/wp-json\/wp\/v2\/media?parent=265"}],"curies":[{"name":"wp","href":"https:\/\/api.w.org\/{rel}","templated":true}]}}