{"id":162,"date":"2016-12-06T04:17:46","date_gmt":"2016-12-06T04:17:46","guid":{"rendered":"http:\/\/localhost\/buildpro\/?page_id=162"},"modified":"2021-01-16T09:58:21","modified_gmt":"2021-01-16T09:58:21","slug":"projekti-2","status":"publish","type":"page","link":"https:\/\/zendesign.hr\/hr\/projekti-2\/","title":{"rendered":"PROJEKTI"},"content":{"rendered":"<p>[vc_row fullwidth=&#8221;yes&#8221; css=&#8221;.vc_custom_1480995613641{padding-top: 0px !important;padding-bottom: 0px !important;}&#8221;][vc_column]\n\t\t<div class=\"container project-filter\">\n\n        <!-- portfolio filter begin -->\n        <div class=\"row\">\n        \t            <div class=\"col-md-12\">\n                <ul id=\"filters\">\n                \t\t\t\t      \t<li><a href=\"#\" data-filter=\".arhitektura\">Arhitektura<\/a><\/li>\n\t\t\t    \t\t\t\t      \t<li><a href=\"#\" data-filter=\".interieuri-adaptacije\">Interieuri - Adaptacije<\/a><\/li>\n\t\t\t    \t\t\t\t      \t<li><a href=\"#\" data-filter=\".natjecajni-radovi\">Nat\u00adje\u010da\u00adjni radovi<\/a><\/li>\n\t\t\t    \t\t\t\t      \t<li><a href=\"#\" data-filter=\".urbanizam\">Urbanizam<\/a><\/li>\n\t\t\t    \t                    <li class=\"pull-right\"><a href=\"#\" data-filter=\"*\" class=\"selected\">All Projects<\/a><\/li>\n                <\/ul>\n            <\/div>\n                    <\/div>\n        <!-- portfolio filter close -->\n\n    <\/div>\n    \n\t<div id=\"gallery\" class=\"gallery full-gallery de-gallery pf_full_width pf_3_cols gallery_border\">\n\n                <div class=\"item interieuri-adaptacije \">\n            <div class=\"picframe\">\n            \t                <a href=\"https:\/\/zendesign.hr\/hr\/portfolio\/uredenje-prostora-za-odmor-zaposlenika-redakcije-24-sata\/\">\n                                    <span class=\"overlay\">\n                        <span class=\"pf_text\">\n                            <span class=\"project-name\">Ure\u0111enje prostora za odmor zaposlenika redakcije \u201e24 SATA\u201c<\/span>\n                        <\/span>\n                    <\/span>\n                <\/a>\n                <img src=\"https:\/\/i0.wp.com\/zendesign.hr\/hr\/wp-content\/uploads\/2021\/01\/1-5.jpg?w=640&#038;ssl=1\" alt=\"\" data-recalc-dims=\"1\" \/>\n            <\/div>\n        <\/div>\n                <div class=\"item arhitektura \">\n            <div class=\"picframe\">\n            \t                <a href=\"https:\/\/zendesign.hr\/hr\/portfolio\/uredenje-okucnice-obiteljske-kuce\/\">\n                                    <span class=\"overlay\">\n                        <span class=\"pf_text\">\n                            <span class=\"project-name\">Ure\u0111enje oku\u0107nice obiteljske ku\u0107e<\/span>\n                        <\/span>\n                    <\/span>\n                <\/a>\n                <img src=\"https:\/\/i2.wp.com\/zendesign.hr\/hr\/wp-content\/uploads\/2021\/01\/gracani0.jpg?w=640&#038;ssl=1\" alt=\"\" data-recalc-dims=\"1\" \/>\n            <\/div>\n        <\/div>\n                <div class=\"item interieuri-adaptacije \">\n            <div class=\"picframe\">\n            \t                <a href=\"https:\/\/zendesign.hr\/hr\/portfolio\/uredenje-unutarnjeg-prostora-obiteljske-kuce\/\">\n                                    <span class=\"overlay\">\n                        <span class=\"pf_text\">\n                            <span class=\"project-name\">Ure\u0111enje unutarnjeg prostora obiteljske ku\u0107e<\/span>\n                        <\/span>\n                    <\/span>\n                <\/a>\n                <img src=\"https:\/\/i2.wp.com\/zendesign.hr\/hr\/wp-content\/uploads\/2021\/01\/interier-1.jpg?w=640&#038;ssl=1\" alt=\"\" data-recalc-dims=\"1\" \/>\n            <\/div>\n        <\/div>\n                <div class=\"item arhitektura \">\n            <div class=\"picframe\">\n            \t                <a href=\"https:\/\/zendesign.hr\/hr\/portfolio\/obiteljska-kuca-p\/\">\n                                    <span class=\"overlay\">\n                        <span class=\"pf_text\">\n                            <span class=\"project-name\">Obiteljska ku\u0107a P<\/span>\n                        <\/span>\n                    <\/span>\n                <\/a>\n                <img src=\"https:\/\/i1.wp.com\/zendesign.hr\/hr\/wp-content\/uploads\/2021\/01\/SUHOVARE0.jpg?w=640&#038;ssl=1\" alt=\"\" data-recalc-dims=\"1\" \/>\n            <\/div>\n        <\/div>\n                <div class=\"item arhitektura \">\n            <div class=\"picframe\">\n            \t                <a href=\"https:\/\/zendesign.hr\/hr\/portfolio\/obiteljska-kuca-k\/\">\n                                    <span class=\"overlay\">\n                        <span class=\"pf_text\">\n                            <span class=\"project-name\">Obiteljska ku\u0107a K<\/span>\n                        <\/span>\n                    <\/span>\n                <\/a>\n                <img src=\"https:\/\/i2.wp.com\/zendesign.hr\/hr\/wp-content\/uploads\/2021\/01\/krk0.jpg?w=640&#038;ssl=1\" alt=\"\" data-recalc-dims=\"1\" \/>\n            <\/div>\n        <\/div>\n                <div class=\"item arhitektura \">\n            <div class=\"picframe\">\n            \t                <a href=\"https:\/\/zendesign.hr\/hr\/portfolio\/kuca-t\/\">\n                                    <span class=\"overlay\">\n                        <span class=\"pf_text\">\n                            <span class=\"project-name\">Ku\u0107a T<\/span>\n                        <\/span>\n                    <\/span>\n                <\/a>\n                <img src=\"https:\/\/i2.wp.com\/zendesign.hr\/hr\/wp-content\/uploads\/2016\/12\/KUCA-T.jpg?w=640&#038;ssl=1\" alt=\"\" data-recalc-dims=\"1\" \/>\n            <\/div>\n        <\/div>\n                <div class=\"item arhitektura \">\n            <div class=\"picframe\">\n            \t                <a href=\"https:\/\/zendesign.hr\/hr\/portfolio\/obla-kuca\/\">\n                                    <span class=\"overlay\">\n                        <span class=\"pf_text\">\n                            <span class=\"project-name\">Obla Ku\u0107a<\/span>\n                        <\/span>\n                    <\/span>\n                <\/a>\n                <img src=\"https:\/\/i1.wp.com\/zendesign.hr\/hr\/wp-content\/uploads\/2016\/12\/obla.jpg?w=640&#038;ssl=1\" alt=\"\" data-recalc-dims=\"1\" \/>\n            <\/div>\n        <\/div>\n                <div class=\"item arhitektura \">\n            <div class=\"picframe\">\n            \t                <a href=\"https:\/\/zendesign.hr\/hr\/portfolio\/uglata-kuca\/\">\n                                    <span class=\"overlay\">\n                        <span class=\"pf_text\">\n                            <span class=\"project-name\">Uglata Ku\u0107a<\/span>\n                        <\/span>\n                    <\/span>\n                <\/a>\n                <img src=\"https:\/\/i1.wp.com\/zendesign.hr\/hr\/wp-content\/uploads\/2016\/12\/uglata.jpg?w=640&#038;ssl=1\" alt=\"\" data-recalc-dims=\"1\" \/>\n            <\/div>\n        <\/div>\n                <div class=\"item arhitektura \">\n            <div class=\"picframe\">\n            \t                <a href=\"https:\/\/zendesign.hr\/hr\/portfolio\/stambeno-poslovna-zgrada-m\/\">\n                                    <span class=\"overlay\">\n                        <span class=\"pf_text\">\n                            <span class=\"project-name\">Stambeno-poslovna zgrada M<\/span>\n                        <\/span>\n                    <\/span>\n                <\/a>\n                <img src=\"https:\/\/i1.wp.com\/zendesign.hr\/hr\/wp-content\/uploads\/2016\/12\/KUCA-M.jpg?w=640&#038;ssl=1\" alt=\"\" data-recalc-dims=\"1\" \/>\n            <\/div>\n        <\/div>\n                <div class=\"item interieuri-adaptacije \">\n            <div class=\"picframe\">\n            \t                <a href=\"https:\/\/zendesign.hr\/hr\/portfolio\/adaptacija-a\/\">\n                                    <span class=\"overlay\">\n                        <span class=\"pf_text\">\n                            <span class=\"project-name\">Adaptacija A<\/span>\n                        <\/span>\n                    <\/span>\n                <\/a>\n                <img src=\"https:\/\/i0.wp.com\/zendesign.hr\/hr\/wp-content\/uploads\/2016\/12\/adaptacija-a.jpg?w=640&#038;ssl=1\" alt=\"\" data-recalc-dims=\"1\" \/>\n            <\/div>\n        <\/div>\n                <div class=\"item interieuri-adaptacije \">\n            <div class=\"picframe\">\n            \t                <a href=\"https:\/\/zendesign.hr\/hr\/portfolio\/caffe-bar-dallas\/\">\n                                    <span class=\"overlay\">\n                        <span class=\"pf_text\">\n                            <span class=\"project-name\">Caffe Bar Dallas<\/span>\n                        <\/span>\n                    <\/span>\n                <\/a>\n                <img src=\"https:\/\/i0.wp.com\/zendesign.hr\/hr\/wp-content\/uploads\/2019\/03\/DALLAS.jpg?w=640&#038;ssl=1\" alt=\"\" data-recalc-dims=\"1\" \/>\n            <\/div>\n        <\/div>\n                <div class=\"item urbanizam \">\n            <div class=\"picframe\">\n            \t                <a href=\"https:\/\/zendesign.hr\/hr\/portfolio\/upu-ikea-zagreb-istok\/\">\n                                    <span class=\"overlay\">\n                        <span class=\"pf_text\">\n                            <span class=\"project-name\">UPU Ikea Zagreb Istok<\/span>\n                        <\/span>\n                    <\/span>\n                <\/a>\n                <img src=\"https:\/\/i2.wp.com\/zendesign.hr\/hr\/wp-content\/uploads\/2016\/12\/ikea.jpg?w=640&#038;ssl=1\" alt=\"\" data-recalc-dims=\"1\" \/>\n            <\/div>\n        <\/div>\n        \n    <\/div>\n\n    \n[\/vc_column][\/vc_row][vc_row line=&#8221;&#8221; el_class=&#8221;bg-color&#8221; css=&#8221;.vc_custom_1480995929579{padding-top: 20px !important;padding-bottom: 20px !important;}&#8221;][vc_column]\n\t<div class=\"row call-to-action \">\n\t\t<div class=\"col-md-8\">\n\t        <h3 class=\"mt10\">Tra\u017eite arhitekte za Va\u0161 projekt?<\/h3>\n\t    <\/div>\n\t    <div class=\"col-md-4 text-right\">\n\t    \t<a class=\"btn btn-line-black btn-fx\" href=\"\/hr\/kontakt\" target=\"_self\">KONTAKT<\/a>\t    <\/div>\n    <\/div>\n\n[\/vc_column][\/vc_row]<\/p>\n","protected":false},"excerpt":{"rendered":"<p>[vc_row fullwidth=&#8221;yes&#8221; css=&#8221;.vc_custom_1480995613641{padding-top: 0px !important;padding-bottom: 0px !important;}&#8221;][vc_column][\/vc_column][\/vc_row][vc_row line=&#8221;&#8221; el_class=&#8221;bg-color&#8221; css=&#8221;.vc_custom_1480995929579{padding-top: 20px !important;padding-bottom: 20px !important;}&#8221;][vc_column][\/vc_column][\/vc_row]<\/p>\n","protected":false},"author":1,"featured_media":0,"parent":0,"menu_order":0,"comment_status":"closed","ping_status":"closed","template":"page-templates\/template-fullwidth.php","meta":{"spay_email":""},"jetpack_sharing_enabled":true,"jetpack_shortlink":"https:\/\/wp.me\/PaQaSp-2C","jetpack-related-posts":[],"_links":{"self":[{"href":"https:\/\/zendesign.hr\/hr\/wp-json\/wp\/v2\/pages\/162"}],"collection":[{"href":"https:\/\/zendesign.hr\/hr\/wp-json\/wp\/v2\/pages"}],"about":[{"href":"https:\/\/zendesign.hr\/hr\/wp-json\/wp\/v2\/types\/page"}],"author":[{"embeddable":true,"href":"https:\/\/zendesign.hr\/hr\/wp-json\/wp\/v2\/users\/1"}],"replies":[{"embeddable":true,"href":"https:\/\/zendesign.hr\/hr\/wp-json\/wp\/v2\/comments?post=162"}],"version-history":[{"count":5,"href":"https:\/\/zendesign.hr\/hr\/wp-json\/wp\/v2\/pages\/162\/revisions"}],"predecessor-version":[{"id":1283,"href":"https:\/\/zendesign.hr\/hr\/wp-json\/wp\/v2\/pages\/162\/revisions\/1283"}],"wp:attachment":[{"href":"https:\/\/zendesign.hr\/hr\/wp-json\/wp\/v2\/media?parent=162"}],"curies":[{"name":"wp","href":"https:\/\/api.w.org\/{rel}","templated":true}]}}